{"id":12,"date":"2023-05-15T13:06:30","date_gmt":"2023-05-15T13:06:30","guid":{"rendered":"https:\/\/hardcore-feynman.91-200-103-154.plesk.page\/?page_id=12"},"modified":"2025-09-26T09:31:48","modified_gmt":"2025-09-26T09:31:48","slug":"start","status":"publish","type":"page","link":"https:\/\/ganitzer-creative.at\/","title":{"rendered":"Ganitzer Creative | Werbeagentur in Salzburg"},"content":{"rendered":"\t\t<div data-elementor-type=\"wp-post\" data-elementor-id=\"12\" class=\"elementor elementor-12\" data-elementor-post-type=\"page\">\n\t\t\t\t<div class=\"elementor-element elementor-element-81f7d32 e-con-full e-flex e-con e-parent\" data-id=\"81f7d32\" data-element_type=\"container\" data-e-type=\"container\">\n\t\t<div class=\"elementor-element elementor-element-8f8d581 e-con-full e-flex e-con e-child\" data-id=\"8f8d581\" data-element_type=\"container\" data-e-type=\"container\">\n\t\t<div class=\"elementor-element elementor-element-2094504 e-flex e-con-boxed e-con e-child\" data-id=\"2094504\" data-element_type=\"container\" data-e-type=\"container\">\n\t\t\t\t\t<div class=\"e-con-inner\">\n\t\t\t\t<div class=\"elementor-element elementor-element-9b5898e elementor-widget elementor-widget-image\" data-id=\"9b5898e\" data-element_type=\"widget\" data-e-type=\"widget\" data-widget_type=\"image.default\">\n\t\t\t\t<div class=\"elementor-widget-container\">\n\t\t\t\t\t\t\t\t\t\t\t\t\t\t\t<img fetchpriority=\"high\" decoding=\"async\" width=\"500\" height=\"512\" src=\"https:\/\/ganitzer-creative.at\/wp-content\/uploads\/2023\/05\/6301169c439fa64f9ddf32ea_ganitzer-creative-icon-p-500.png\" class=\"attachment-large size-large wp-image-31\" alt=\"\" srcset=\"https:\/\/ganitzer-creative.at\/wp-content\/uploads\/2023\/05\/6301169c439fa64f9ddf32ea_ganitzer-creative-icon-p-500.png 500w, https:\/\/ganitzer-creative.at\/wp-content\/uploads\/2023\/05\/6301169c439fa64f9ddf32ea_ganitzer-creative-icon-p-500-293x300.png 293w\" sizes=\"(max-width: 500px) 100vw, 500px\" \/>\t\t\t\t\t\t\t\t\t\t\t\t\t\t\t<\/div>\n\t\t\t\t<\/div>\n\t\t\t\t<div class=\"elementor-element elementor-element-09dbe17 elementor-shape-circle e-grid-align-left elementor-grid-5 elementor-grid-mobile-1 elementor-widget elementor-widget-social-icons\" data-id=\"09dbe17\" data-element_type=\"widget\" data-e-type=\"widget\" aria-label=\"Kontaktm\u00f6glichkeiten\" data-widget_type=\"social-icons.default\">\n\t\t\t\t<div class=\"elementor-widget-container\">\n\t\t\t\t\t\t\t<div class=\"elementor-social-icons-wrapper elementor-grid\" role=\"list\">\n\t\t\t\t\t\t\t<span class=\"elementor-grid-item\" role=\"listitem\">\n\t\t\t\t\t<a class=\"elementor-icon elementor-social-icon elementor-social-icon-phone-alt elementor-animation-pulse elementor-repeater-item-bb3febc\" href=\"tel:00436644219901\" target=\"_blank\">\n\t\t\t\t\t\t<span class=\"elementor-screen-only\">Phone-alt<\/span>\n\t\t\t\t\t\t<i aria-hidden=\"true\" class=\"fas fa-phone-alt\"><\/i>\t\t\t\t\t<\/a>\n\t\t\t\t<\/span>\n\t\t\t\t\t\t\t<span class=\"elementor-grid-item\" role=\"listitem\">\n\t\t\t\t\t<a class=\"elementor-icon elementor-social-icon elementor-social-icon-envelope elementor-animation-pulse elementor-repeater-item-3f14d5a\" href=\"mailto:design@ganitzer-creative.at\" target=\"_blank\">\n\t\t\t\t\t\t<span class=\"elementor-screen-only\">Envelope<\/span>\n\t\t\t\t\t\t<i aria-hidden=\"true\" class=\"fas fa-envelope\"><\/i>\t\t\t\t\t<\/a>\n\t\t\t\t<\/span>\n\t\t\t\t\t\t\t<span class=\"elementor-grid-item\" role=\"listitem\">\n\t\t\t\t\t<a class=\"elementor-icon elementor-social-icon elementor-social-icon-instagram elementor-animation-pulse elementor-repeater-item-6081b68\" href=\"https:\/\/www.instagram.com\/ganitzer.creative\/\" target=\"_blank\">\n\t\t\t\t\t\t<span class=\"elementor-screen-only\">Instagram<\/span>\n\t\t\t\t\t\t<i aria-hidden=\"true\" class=\"fab fa-instagram\"><\/i>\t\t\t\t\t<\/a>\n\t\t\t\t<\/span>\n\t\t\t\t\t\t\t<span class=\"elementor-grid-item\" role=\"listitem\">\n\t\t\t\t\t<a class=\"elementor-icon elementor-social-icon elementor-social-icon-linkedin elementor-animation-pulse elementor-repeater-item-31ad77d\" href=\"https:\/\/www.linkedin.com\/in\/marinaganitzer\/\" target=\"_blank\">\n\t\t\t\t\t\t<span class=\"elementor-screen-only\">Linkedin<\/span>\n\t\t\t\t\t\t<i aria-hidden=\"true\" class=\"fab fa-linkedin\"><\/i>\t\t\t\t\t<\/a>\n\t\t\t\t<\/span>\n\t\t\t\t\t<\/div>\n\t\t\t\t\t\t<\/div>\n\t\t\t\t<\/div>\n\t\t\t\t\t<\/div>\n\t\t\t\t<\/div>\n\t\t<div class=\"elementor-element elementor-element-a4fa3cf e-flex e-con-boxed e-con e-child\" data-id=\"a4fa3cf\" data-element_type=\"container\" data-e-type=\"container\">\n\t\t\t\t\t<div class=\"e-con-inner\">\n\t\t\t\t<div class=\"elementor-element elementor-element-45a7052 elementor-widget__width-initial elementor-widget elementor-widget-heading\" data-id=\"45a7052\" data-element_type=\"widget\" data-e-type=\"widget\" data-widget_type=\"heading.default\">\n\t\t\t\t<div class=\"elementor-widget-container\">\n\t\t\t\t\t<h1 class=\"elementor-heading-title elementor-size-xxl\">STAY TUNED<br>\nWE WILL LAUNCH<br>\nSOON<\/h1>\t\t\t\t<\/div>\n\t\t\t\t<\/div>\n\t\t\t\t\t<\/div>\n\t\t\t\t<\/div>\n\t\t<div class=\"elementor-element elementor-element-ac36c14 e-flex e-con-boxed e-con e-child\" data-id=\"ac36c14\" data-element_type=\"container\" data-e-type=\"container\">\n\t\t\t\t\t<div class=\"e-con-inner\">\n\t\t<div class=\"elementor-element elementor-element-a0248b1 e-flex e-con-boxed e-con e-child\" data-id=\"a0248b1\" data-element_type=\"container\" data-e-type=\"container\">\n\t\t\t\t\t<div class=\"e-con-inner\">\n\t\t\t\t<div class=\"elementor-element elementor-element-de8f429 elementor-widget elementor-widget-theme-site-logo elementor-widget-image\" data-id=\"de8f429\" data-element_type=\"widget\" data-e-type=\"widget\" data-widget_type=\"theme-site-logo.default\">\n\t\t\t\t<div class=\"elementor-widget-container\">\n\t\t\t\t\t\t\t\t\t\t\t<a href=\"https:\/\/ganitzer-creative.at\">\n\t\t\t<img decoding=\"async\" width=\"500\" height=\"142\" src=\"https:\/\/ganitzer-creative.at\/wp-content\/uploads\/2023\/05\/630117aa914e3095c302859b_ganitzer-creative-logo-white-p-500.png\" class=\"attachment-full size-full wp-image-11\" alt=\"Ganitzer Creative Logo in wei\u00df\" srcset=\"https:\/\/ganitzer-creative.at\/wp-content\/uploads\/2023\/05\/630117aa914e3095c302859b_ganitzer-creative-logo-white-p-500.png 500w, https:\/\/ganitzer-creative.at\/wp-content\/uploads\/2023\/05\/630117aa914e3095c302859b_ganitzer-creative-logo-white-p-500-300x85.png 300w\" sizes=\"(max-width: 500px) 100vw, 500px\" \/>\t\t\t\t<\/a>\n\t\t\t\t\t\t\t\t\t\t\t<\/div>\n\t\t\t\t<\/div>\n\t\t\t\t<div class=\"elementor-element elementor-element-6818c5a elementor-nav-menu--dropdown-none elementor-nav-menu__align-start elementor-hidden-tablet elementor-hidden-mobile elementor-widget elementor-widget-nav-menu\" data-id=\"6818c5a\" data-element_type=\"widget\" data-e-type=\"widget\" data-settings=\"{&quot;layout&quot;:&quot;horizontal&quot;,&quot;submenu_icon&quot;:{&quot;value&quot;:&quot;&lt;i class=\\&quot;fas fa-caret-down\\&quot; aria-hidden=\\&quot;true\\&quot;&gt;&lt;\\\/i&gt;&quot;,&quot;library&quot;:&quot;fa-solid&quot;}}\" data-widget_type=\"nav-menu.default\">\n\t\t\t\t<div class=\"elementor-widget-container\">\n\t\t\t\t\t\t\t\t<nav aria-label=\"Men\u00fc\" class=\"elementor-nav-menu--main elementor-nav-menu__container elementor-nav-menu--layout-horizontal e--pointer-underline e--animation-none\">\n\t\t\t\t<ul id=\"menu-1-6818c5a\" class=\"elementor-nav-menu\"><li class=\"menu-item menu-item-type-custom menu-item-object-custom menu-item-32\"><a target=\"_blank\" href=\"https:\/\/www.instagram.com\/ganitzer.creative\/\" class=\"elementor-item\">Portfolio (\u00f6ffnet Instagram)<\/a><\/li>\n<li class=\"menu-item menu-item-type-custom menu-item-object-custom menu-item-33\"><a target=\"_blank\" href=\"https:\/\/firmen.wko.at\/marina-gabriele-ganitzer-kommunikationsdesign\/salzburg\/?firmaid=9ecdafe7-0d42-4261-90c3-5611cb10ba7d&#038;suchbegriff=marina%20ganitzer\" class=\"elementor-item\">Impressum<\/a><\/li>\n<li class=\"menu-item menu-item-type-custom menu-item-object-custom menu-item-34\"><a target=\"_blank\" href=\"https:\/\/ganitzer-creative.at\/wp-content\/uploads\/2023\/06\/agb-ganitzer-creative.pdf\" class=\"elementor-item\">AGB (PDF herunterladen)<\/a><\/li>\n<li class=\"menu-item menu-item-type-post_type menu-item-object-page menu-item-privacy-policy menu-item-176\"><a target=\"_blank\" rel=\"privacy-policy\" href=\"https:\/\/ganitzer-creative.at\/index.php\/datenschutzerklaerung-eu\/\" class=\"elementor-item\">Datenschutz<\/a><\/li>\n<li class=\"menu-item menu-item-type-post_type menu-item-object-page menu-item-109\"><a target=\"_blank\" href=\"https:\/\/ganitzer-creative.at\/index.php\/cookie-richtlinie-eu\/\" class=\"elementor-item\">Cookies<\/a><\/li>\n<\/ul>\t\t\t<\/nav>\n\t\t\t\t\t\t<nav class=\"elementor-nav-menu--dropdown elementor-nav-menu__container\" aria-hidden=\"true\">\n\t\t\t\t<ul id=\"menu-2-6818c5a\" class=\"elementor-nav-menu\"><li class=\"menu-item menu-item-type-custom menu-item-object-custom menu-item-32\"><a target=\"_blank\" href=\"https:\/\/www.instagram.com\/ganitzer.creative\/\" class=\"elementor-item\" tabindex=\"-1\">Portfolio (\u00f6ffnet Instagram)<\/a><\/li>\n<li class=\"menu-item menu-item-type-custom menu-item-object-custom menu-item-33\"><a target=\"_blank\" href=\"https:\/\/firmen.wko.at\/marina-gabriele-ganitzer-kommunikationsdesign\/salzburg\/?firmaid=9ecdafe7-0d42-4261-90c3-5611cb10ba7d&#038;suchbegriff=marina%20ganitzer\" class=\"elementor-item\" tabindex=\"-1\">Impressum<\/a><\/li>\n<li class=\"menu-item menu-item-type-custom menu-item-object-custom menu-item-34\"><a target=\"_blank\" href=\"https:\/\/ganitzer-creative.at\/wp-content\/uploads\/2023\/06\/agb-ganitzer-creative.pdf\" class=\"elementor-item\" tabindex=\"-1\">AGB (PDF herunterladen)<\/a><\/li>\n<li class=\"menu-item menu-item-type-post_type menu-item-object-page menu-item-privacy-policy menu-item-176\"><a target=\"_blank\" rel=\"privacy-policy\" href=\"https:\/\/ganitzer-creative.at\/index.php\/datenschutzerklaerung-eu\/\" class=\"elementor-item\" tabindex=\"-1\">Datenschutz<\/a><\/li>\n<li class=\"menu-item menu-item-type-post_type menu-item-object-page menu-item-109\"><a target=\"_blank\" href=\"https:\/\/ganitzer-creative.at\/index.php\/cookie-richtlinie-eu\/\" class=\"elementor-item\" tabindex=\"-1\">Cookies<\/a><\/li>\n<\/ul>\t\t\t<\/nav>\n\t\t\t\t\t\t<\/div>\n\t\t\t\t<\/div>\n\t\t\t\t<div class=\"elementor-element elementor-element-5dad5b3 elementor-nav-menu--dropdown-none elementor-nav-menu__align-start elementor-hidden-desktop elementor-widget elementor-widget-nav-menu\" data-id=\"5dad5b3\" data-element_type=\"widget\" data-e-type=\"widget\" data-settings=\"{&quot;layout&quot;:&quot;vertical&quot;,&quot;submenu_icon&quot;:{&quot;value&quot;:&quot;&lt;i class=\\&quot;fas fa-caret-down\\&quot; aria-hidden=\\&quot;true\\&quot;&gt;&lt;\\\/i&gt;&quot;,&quot;library&quot;:&quot;fa-solid&quot;}}\" data-widget_type=\"nav-menu.default\">\n\t\t\t\t<div class=\"elementor-widget-container\">\n\t\t\t\t\t\t\t\t<nav aria-label=\"Men\u00fc\" class=\"elementor-nav-menu--main elementor-nav-menu__container elementor-nav-menu--layout-vertical e--pointer-underline e--animation-none\">\n\t\t\t\t<ul id=\"menu-1-5dad5b3\" class=\"elementor-nav-menu sm-vertical\"><li class=\"menu-item menu-item-type-custom menu-item-object-custom menu-item-32\"><a target=\"_blank\" href=\"https:\/\/www.instagram.com\/ganitzer.creative\/\" class=\"elementor-item\">Portfolio (\u00f6ffnet Instagram)<\/a><\/li>\n<li class=\"menu-item menu-item-type-custom menu-item-object-custom menu-item-33\"><a target=\"_blank\" href=\"https:\/\/firmen.wko.at\/marina-gabriele-ganitzer-kommunikationsdesign\/salzburg\/?firmaid=9ecdafe7-0d42-4261-90c3-5611cb10ba7d&#038;suchbegriff=marina%20ganitzer\" class=\"elementor-item\">Impressum<\/a><\/li>\n<li class=\"menu-item menu-item-type-custom menu-item-object-custom menu-item-34\"><a target=\"_blank\" href=\"https:\/\/ganitzer-creative.at\/wp-content\/uploads\/2023\/06\/agb-ganitzer-creative.pdf\" class=\"elementor-item\">AGB (PDF herunterladen)<\/a><\/li>\n<li class=\"menu-item menu-item-type-post_type menu-item-object-page menu-item-privacy-policy menu-item-176\"><a target=\"_blank\" rel=\"privacy-policy\" href=\"https:\/\/ganitzer-creative.at\/index.php\/datenschutzerklaerung-eu\/\" class=\"elementor-item\">Datenschutz<\/a><\/li>\n<li class=\"menu-item menu-item-type-post_type menu-item-object-page menu-item-109\"><a target=\"_blank\" href=\"https:\/\/ganitzer-creative.at\/index.php\/cookie-richtlinie-eu\/\" class=\"elementor-item\">Cookies<\/a><\/li>\n<\/ul>\t\t\t<\/nav>\n\t\t\t\t\t\t<nav class=\"elementor-nav-menu--dropdown elementor-nav-menu__container\" aria-hidden=\"true\">\n\t\t\t\t<ul id=\"menu-2-5dad5b3\" class=\"elementor-nav-menu sm-vertical\"><li class=\"menu-item menu-item-type-custom menu-item-object-custom menu-item-32\"><a target=\"_blank\" href=\"https:\/\/www.instagram.com\/ganitzer.creative\/\" class=\"elementor-item\" tabindex=\"-1\">Portfolio (\u00f6ffnet Instagram)<\/a><\/li>\n<li class=\"menu-item menu-item-type-custom menu-item-object-custom menu-item-33\"><a target=\"_blank\" href=\"https:\/\/firmen.wko.at\/marina-gabriele-ganitzer-kommunikationsdesign\/salzburg\/?firmaid=9ecdafe7-0d42-4261-90c3-5611cb10ba7d&#038;suchbegriff=marina%20ganitzer\" class=\"elementor-item\" tabindex=\"-1\">Impressum<\/a><\/li>\n<li class=\"menu-item menu-item-type-custom menu-item-object-custom menu-item-34\"><a target=\"_blank\" href=\"https:\/\/ganitzer-creative.at\/wp-content\/uploads\/2023\/06\/agb-ganitzer-creative.pdf\" class=\"elementor-item\" tabindex=\"-1\">AGB (PDF herunterladen)<\/a><\/li>\n<li class=\"menu-item menu-item-type-post_type menu-item-object-page menu-item-privacy-policy menu-item-176\"><a target=\"_blank\" rel=\"privacy-policy\" href=\"https:\/\/ganitzer-creative.at\/index.php\/datenschutzerklaerung-eu\/\" class=\"elementor-item\" tabindex=\"-1\">Datenschutz<\/a><\/li>\n<li class=\"menu-item menu-item-type-post_type menu-item-object-page menu-item-109\"><a target=\"_blank\" href=\"https:\/\/ganitzer-creative.at\/index.php\/cookie-richtlinie-eu\/\" class=\"elementor-item\" tabindex=\"-1\">Cookies<\/a><\/li>\n<\/ul>\t\t\t<\/nav>\n\t\t\t\t\t\t<\/div>\n\t\t\t\t<\/div>\n\t\t\t\t<div class=\"elementor-element elementor-element-e0768f3 elementor-widget elementor-widget-text-editor\" data-id=\"e0768f3\" data-element_type=\"widget\" data-e-type=\"widget\" data-widget_type=\"text-editor.default\">\n\t\t\t\t<div class=\"elementor-widget-container\">\n\t\t\t\t\t\t\t\t\t<p>COPYRIGHT \u00a9 2023 GANITZER CREATIVE<\/p>\t\t\t\t\t\t\t\t<\/div>\n\t\t\t\t<\/div>\n\t\t\t\t\t<\/div>\n\t\t\t\t<\/div>\n\t\t\t\t\t<\/div>\n\t\t\t\t<\/div>\n\t\t\t\t<\/div>\n\t\t<div class=\"elementor-element elementor-element-990468a e-con-full e-flex e-con e-child\" data-id=\"990468a\" data-element_type=\"container\" data-e-type=\"container\" data-settings=\"{&quot;background_background&quot;:&quot;classic&quot;}\">\n\t\t\t\t<\/div>\n\t\t\t\t<\/div>\n\t\t\t\t<\/div>\n\t\t","protected":false},"excerpt":{"rendered":"<p>Werbeagentur f\u00fcr Kommunikationsdesign. Wir realisieren leidenschaftlich und authentisch kreative und effiziente Marketingkommunikation \u00fcber alle Kan\u00e4le im Online- und Offlinebereich.<\/p>\n","protected":false},"author":3,"featured_media":16,"parent":0,"menu_order":0,"comment_status":"closed","ping_status":"closed","template":"","meta":{"footnotes":""},"class_list":["post-12","page","type-page","status-publish","has-post-thumbnail","hentry"],"_links":{"self":[{"href":"https:\/\/ganitzer-creative.at\/index.php\/wp-json\/wp\/v2\/pages\/12","targetHints":{"allow":["GET"]}}],"collection":[{"href":"https:\/\/ganitzer-creative.at\/index.php\/wp-json\/wp\/v2\/pages"}],"about":[{"href":"https:\/\/ganitzer-creative.at\/index.php\/wp-json\/wp\/v2\/types\/page"}],"author":[{"embeddable":true,"href":"https:\/\/ganitzer-creative.at\/index.php\/wp-json\/wp\/v2\/users\/3"}],"replies":[{"embeddable":true,"href":"https:\/\/ganitzer-creative.at\/index.php\/wp-json\/wp\/v2\/comments?post=12"}],"version-history":[{"count":175,"href":"https:\/\/ganitzer-creative.at\/index.php\/wp-json\/wp\/v2\/pages\/12\/revisions"}],"predecessor-version":[{"id":292,"href":"https:\/\/ganitzer-creative.at\/index.php\/wp-json\/wp\/v2\/pages\/12\/revisions\/292"}],"wp:featuredmedia":[{"embeddable":true,"href":"https:\/\/ganitzer-creative.at\/index.php\/wp-json\/wp\/v2\/media\/16"}],"wp:attachment":[{"href":"https:\/\/ganitzer-creative.at\/index.php\/wp-json\/wp\/v2\/media?parent=12"}],"curies":[{"name":"wp","href":"https:\/\/api.w.org\/{rel}","templated":true}]}}